{"id":71738,"date":"2025-10-28T13:42:42","date_gmt":"2025-10-28T13:42:42","guid":{"rendered":"https:\/\/dev.mexxus.com\/vpgdesign\/politique-de-confidentialite\/"},"modified":"2025-10-31T17:40:44","modified_gmt":"2025-10-31T17:40:44","slug":"politique-de-confidentialite","status":"publish","type":"page","link":"https:\/\/vpg-design.com\/fr\/politique-de-confidentialite\/","title":{"rendered":"Politique de confidentialit\u00e9"},"content":{"rendered":"<p>[et_pb_section fb_built=\u00a0\u00bb1&Prime; _builder_version=\u00a0\u00bb4.27.4&Prime; _module_preset=\u00a0\u00bbdefault\u00a0\u00bb background_color=\u00a0\u00bb#cdb998&Prime; custom_padding=\u00a0\u00bb20px||20px||true|false\u00a0\u00bb global_colors_info=\u00a0\u00bb{}\u00a0\u00bb][et_pb_row _builder_version=\u00a0\u00bb4.27.4&Prime; _module_preset=\u00a0\u00bbdefault\u00a0\u00bb global_colors_info=\u00a0\u00bb{}\u00a0\u00bb][et_pb_column type=\u00a0\u00bb4_4&Prime; _builder_version=\u00a0\u00bb4.27.4&Prime; _module_preset=\u00a0\u00bbdefault\u00a0\u00bb global_colors_info=\u00a0\u00bb{}\u00a0\u00bb][et_pb_text _builder_version=\u00a0\u00bb4.27.4&Prime; _module_preset=\u00a0\u00bbdefault\u00a0\u00bb header_text_color=\u00a0\u00bb#000000&Prime; header_font_size=\u00a0\u00bb40px\u00a0\u00bb header_2_font=\u00a0\u00bb|300|||||||\u00a0\u00bb header_2_text_color=\u00a0\u00bb#000000&Prime; header_2_font_size=\u00a0\u00bb28px\u00a0\u00bb header_2_line_height=\u00a0\u00bb1.2em\u00a0\u00bb global_colors_info=\u00a0\u00bb{}\u00a0\u00bb]<\/p>\n<h1>Politique de confidentialit\u00e9<\/h1>\n<p>[\/et_pb_text][\/et_pb_column][\/et_pb_row][\/et_pb_section][et_pb_section fb_built=\u00a0\u00bb1&Prime; _builder_version=\u00a0\u00bb4.27.4&Prime; _module_preset=\u00a0\u00bbdefault\u00a0\u00bb global_colors_info=\u00a0\u00bb{}\u00a0\u00bb][et_pb_row _builder_version=\u00a0\u00bb4.27.4&Prime; _module_preset=\u00a0\u00bbdefault\u00a0\u00bb global_colors_info=\u00a0\u00bb{}\u00a0\u00bb][et_pb_column type=\u00a0\u00bb4_4&Prime; _builder_version=\u00a0\u00bb4.27.4&Prime; _module_preset=\u00a0\u00bbdefault\u00a0\u00bb global_colors_info=\u00a0\u00bb{}\u00a0\u00bb][et_pb_text _builder_version=\u00a0\u00bb4.27.4&Prime; _module_preset=\u00a0\u00bbdefault\u00a0\u00bb text_text_color=\u00a0\u00bb#000000&Prime; text_font_size=\u00a0\u00bb18px\u00a0\u00bb hover_enabled=\u00a0\u00bb0&Prime; global_colors_info=\u00a0\u00bb{}\u00a0\u00bb text_font=\u00a0\u00bbFira Sans Condensed|300|||||||\u00a0\u00bb sticky_enabled=\u00a0\u00bb0&Prime;]<\/p>\n<p>Date d\u2019entr\u00e9e en vigueur : Novembre 1, 2025<\/p>\n<p><strong>1. Objet<\/strong><\/p>\n<p>La pr\u00e9sente Politique de confidentialit\u00e9 explique comment VPG Design recueille, utilise et prot\u00e8ge les renseignements personnels obtenus par l\u2019entremise de ce site Web et de nos formulaires de contact.<\/p>\n<p><strong>2. Renseignements que nous recueillons<\/strong><\/p>\n<p>Nous pouvons recueillir :<br \/>Nom, adresse courriel et num\u00e9ro de t\u00e9l\u00e9phone ;<br \/>Renseignements fournis dans les formulaires de contact ou de demande de soumission ;<br \/>Donn\u00e9es techniques comme l\u2019adresse IP et le type de navigateur.<\/p>\n<p><strong>3. Utilisation des renseignements<\/strong><\/p>\n<p>Vos renseignements sont utilis\u00e9s pour :<br \/>R\u00e9pondre \u00e0 vos demandes ou pr\u00e9parer des soumissions ;<br \/>Am\u00e9liorer notre site Web et notre service \u00e0 la client\u00e8le ;<br \/>Respecter nos obligations l\u00e9gales.<\/p>\n<p><strong>4. Consentement<\/strong><\/p>\n<p>En soumettant vos renseignements personnels par nos formulaires, vous consentez \u00e0 leur utilisation telle que d\u00e9crite dans la pr\u00e9sente Politique.<\/p>\n<p><strong>5. Protection des donn\u00e9es<\/strong><\/p>\n<p>Nous appliquons des mesures de protection physiques, techniques et administratives raisonnables pour prot\u00e9ger vos renseignements contre tout acc\u00e8s, divulgation ou perte non autoris\u00e9s.<\/p>\n<p><strong>6. Communication \u00e0 des tiers<\/strong><\/p>\n<p>Nous ne vendons ni ne louons vos renseignements personnels.<br \/>Nous pouvons les partager avec des fournisseurs de services de confiance (ex. : h\u00e9bergement Web) soumis \u00e0 des obligations de confidentialit\u00e9, ou si la loi l\u2019exige.<\/p>\n<p><strong>7. Conservation des donn\u00e9es<\/strong><\/p>\n<p>Nous conservons les renseignements personnels uniquement le temps n\u00e9cessaire pour atteindre les fins indiqu\u00e9es ou pour respecter les obligations l\u00e9gales.<\/p>\n<p>[\/et_pb_text][\/et_pb_column][\/et_pb_row][\/et_pb_section]<\/p>\n","protected":false},"excerpt":{"rendered":"<p>Politique de confidentialit\u00e9Date d\u2019entr\u00e9e en vigueur : Novembre 1, 2025 1. Objet La pr\u00e9sente Politique de confidentialit\u00e9 explique comment VPG Design recueille, utilise et prot\u00e8ge les renseignements personnels obtenus par l\u2019entremise de ce site Web et de nos formulaires de contact. 2. Renseignements que nous recueillons Nous pouvons recueillir :Nom, adresse courriel et num\u00e9ro de [&hellip;]<\/p>\n","protected":false},"author":1,"featured_media":0,"parent":0,"menu_order":0,"comment_status":"closed","ping_status":"closed","template":"","meta":{"_et_pb_use_builder":"on","_et_pb_old_content":"","_et_gb_content_width":"","footnotes":""},"class_list":["post-71738","page","type-page","status-publish","hentry"],"_links":{"self":[{"href":"https:\/\/vpg-design.com\/fr\/wp-json\/wp\/v2\/pages\/71738","targetHints":{"allow":["GET"]}}],"collection":[{"href":"https:\/\/vpg-design.com\/fr\/wp-json\/wp\/v2\/pages"}],"about":[{"href":"https:\/\/vpg-design.com\/fr\/wp-json\/wp\/v2\/types\/page"}],"author":[{"embeddable":true,"href":"https:\/\/vpg-design.com\/fr\/wp-json\/wp\/v2\/users\/1"}],"replies":[{"embeddable":true,"href":"https:\/\/vpg-design.com\/fr\/wp-json\/wp\/v2\/comments?post=71738"}],"version-history":[{"count":4,"href":"https:\/\/vpg-design.com\/fr\/wp-json\/wp\/v2\/pages\/71738\/revisions"}],"predecessor-version":[{"id":71742,"href":"https:\/\/vpg-design.com\/fr\/wp-json\/wp\/v2\/pages\/71738\/revisions\/71742"}],"wp:attachment":[{"href":"https:\/\/vpg-design.com\/fr\/wp-json\/wp\/v2\/media?parent=71738"}],"curies":[{"name":"wp","href":"https:\/\/api.w.org\/{rel}","templated":true}]}}