{"id":71729,"date":"2025-10-28T13:29:21","date_gmt":"2025-10-28T13:29:21","guid":{"rendered":"https:\/\/dev.mexxus.com\/vpgdesign\/termes-et-conditions\/"},"modified":"2025-10-31T17:31:43","modified_gmt":"2025-10-31T17:31:43","slug":"termes-et-conditions","status":"publish","type":"page","link":"https:\/\/vpg-design.com\/fr\/termes-et-conditions\/","title":{"rendered":"Termes et conditions"},"content":{"rendered":"<p>[et_pb_section fb_built=\u00a0\u00bb1&Prime; _builder_version=\u00a0\u00bb4.27.4&Prime; _module_preset=\u00a0\u00bbdefault\u00a0\u00bb background_color=\u00a0\u00bb#cdb998&Prime; custom_padding=\u00a0\u00bb20px||20px||true|false\u00a0\u00bb global_colors_info=\u00a0\u00bb{}\u00a0\u00bb][et_pb_row _builder_version=\u00a0\u00bb4.27.4&Prime; _module_preset=\u00a0\u00bbdefault\u00a0\u00bb global_colors_info=\u00a0\u00bb{}\u00a0\u00bb][et_pb_column type=\u00a0\u00bb4_4&Prime; _builder_version=\u00a0\u00bb4.27.4&Prime; _module_preset=\u00a0\u00bbdefault\u00a0\u00bb global_colors_info=\u00a0\u00bb{}\u00a0\u00bb][et_pb_text _builder_version=\u00a0\u00bb4.27.4&Prime; _module_preset=\u00a0\u00bbdefault\u00a0\u00bb header_text_color=\u00a0\u00bb#000000&Prime; header_font_size=\u00a0\u00bb40px\u00a0\u00bb header_2_font=\u00a0\u00bb|300|||||||\u00a0\u00bb header_2_text_color=\u00a0\u00bb#000000&Prime; header_2_font_size=\u00a0\u00bb28px\u00a0\u00bb header_2_line_height=\u00a0\u00bb1.2em\u00a0\u00bb global_colors_info=\u00a0\u00bb{}\u00a0\u00bb]<\/p>\n<h1>Termes et conditions<\/h1>\n<p>[\/et_pb_text][\/et_pb_column][\/et_pb_row][\/et_pb_section][et_pb_section fb_built=\u00a0\u00bb1&Prime; _builder_version=\u00a0\u00bb4.27.4&Prime; _module_preset=\u00a0\u00bbdefault\u00a0\u00bb global_colors_info=\u00a0\u00bb{}\u00a0\u00bb][et_pb_row _builder_version=\u00a0\u00bb4.27.4&Prime; _module_preset=\u00a0\u00bbdefault\u00a0\u00bb global_colors_info=\u00a0\u00bb{}\u00a0\u00bb][et_pb_column type=\u00a0\u00bb4_4&Prime; _builder_version=\u00a0\u00bb4.27.4&Prime; _module_preset=\u00a0\u00bbdefault\u00a0\u00bb global_colors_info=\u00a0\u00bb{}\u00a0\u00bb][et_pb_text _builder_version=\u00a0\u00bb4.27.4&Prime; _module_preset=\u00a0\u00bbdefault\u00a0\u00bb text_text_color=\u00a0\u00bb#000000&Prime; text_font_size=\u00a0\u00bb18px\u00a0\u00bb hover_enabled=\u00a0\u00bb0&Prime; global_colors_info=\u00a0\u00bb{}\u00a0\u00bb text_font=\u00a0\u00bbFira Sans Condensed|300|||||||\u00a0\u00bb sticky_enabled=\u00a0\u00bb0&Prime;]<\/p>\n<p>Date d\u2019entr\u00e9e en vigueur : Novembre 1, 2025<br \/>Nom du studio : VPG Design <br \/>Adresse d\u2019affaires : Laval, Quebec, H7V 2P1 <br \/>Contact : info@vpg-design.com Tel : 514-661-6280<br \/>Site Web: <a href=\"http:\/\/www.vpg-design.com\">www.vpg-design.com<\/a><\/p>\n<p><strong>1. Acceptation des conditions<\/strong><br \/>En acc\u00e9dant \u00e0 ce site Web www.vpg-design.com ou en l\u2019utilisant, vous acceptez les pr\u00e9sentes Conditions g\u00e9n\u00e9rales (\u00ab Conditions \u00bb). Si vous n\u2019acceptez pas ces Conditions, veuillez ne pas utiliser le Site.<br \/>VPG Design peut modifier ces Conditions \u00e0 tout moment sans pr\u00e9avis. L\u2019utilisation continue du Site signifie que vous acceptez ces modifications.<\/p>\n<p><strong>2. Utilisation du site<\/strong><br \/>Vous vous engagez \u00e0 utiliser ce Site de mani\u00e8re l\u00e9gale et respectueuse. Il est interdit de t\u00e9l\u00e9charger des virus, d\u2019envoyer du pourriel ou de tenter d\u2019acc\u00e9der sans autorisation au Site.<br \/>Aucune partie du Site ne peut \u00eatre copi\u00e9e ou utilis\u00e9e \u00e0 des fins commerciales sans autorisation \u00e9crite.<\/p>\n<p><strong>3. Propri\u00e9t\u00e9 intellectuelle<\/strong><\/p>\n<p>Tout le contenu du Site, y compris les textes, images, logos et conceptions, appartient \u00e0 VPG Design ou \u00e0 ses conc\u00e9dants et est prot\u00e9g\u00e9 par la Loi sur le droit d\u2019auteur (Canada) et le Code civil du Qu\u00e9bec.<br \/>Vous pouvez consulter ou imprimer le contenu uniquement pour un usage personnel et non commercial.<\/p>\n<p><strong>4. Contenu de conception et portfolio<\/strong><br \/>Toutes les photos de projets et les conceptions affich\u00e9es sur le Site appartiennent \u00e0 VPG Design et ne peuvent pas \u00eatre r\u00e9utilis\u00e9es sans autorisation. La confidentialit\u00e9 des clients est respect\u00e9e.<\/p>\n<p><strong>5. Liens vers des sites tiers<\/strong><\/p>\n<p>Nous pouvons fournir des liens vers des sites Web externes pour votre commodit\u00e9. Nous ne sommes pas responsables de leur contenu ni de leurs pratiques en mati\u00e8re de confidentialit\u00e9.<\/p>\n<p><strong>6. Confidentialit\u00e9<\/strong><br \/>Nous recueillons et traitons les renseignements personnels conform\u00e9ment \u00e0 notre Politique de confidentialit\u00e9, conforme \u00e0 la Loi 25 du Qu\u00e9bec et \u00e0 la l\u00e9gislation canadienne sur la protection des renseignements personnels.<\/p>\n<p><strong>7. Limitation de responsabilit\u00e9<\/strong><\/p>\n<p>Le Site est fourni \u00ab tel quel \u00bb. VPG Design n\u2019est pas responsable des dommages d\u00e9coulant de l\u2019utilisation du Site ou de la confiance accord\u00e9e \u00e0 son contenu.<\/p>\n<p><strong>8. Droit applicable<\/strong><br \/>Les pr\u00e9sentes Conditions sont r\u00e9gies par les lois de la Province de Qu\u00e9bec, et tout litige sera soumis aux tribunaux de Montr\u00e9al (Qu\u00e9bec).<\/p>\n<p>[\/et_pb_text][\/et_pb_column][\/et_pb_row][\/et_pb_section]<\/p>\n","protected":false},"excerpt":{"rendered":"<p>Termes et conditionsDate d\u2019entr\u00e9e en vigueur : Novembre 1, 2025Nom du studio : VPG Design Adresse d\u2019affaires : Laval, Quebec, H7V 2P1 Contact : info@vpg-design.com Tel : 514-661-6280Site Web: www.vpg-design.com 1. Acceptation des conditionsEn acc\u00e9dant \u00e0 ce site Web www.vpg-design.com ou en l\u2019utilisant, vous acceptez les pr\u00e9sentes Conditions g\u00e9n\u00e9rales (\u00ab Conditions \u00bb). Si vous n\u2019acceptez [&hellip;]<\/p>\n","protected":false},"author":1,"featured_media":0,"parent":0,"menu_order":0,"comment_status":"closed","ping_status":"closed","template":"","meta":{"_et_pb_use_builder":"on","_et_pb_old_content":"","_et_gb_content_width":"","footnotes":""},"class_list":["post-71729","page","type-page","status-publish","hentry"],"_links":{"self":[{"href":"https:\/\/vpg-design.com\/fr\/wp-json\/wp\/v2\/pages\/71729","targetHints":{"allow":["GET"]}}],"collection":[{"href":"https:\/\/vpg-design.com\/fr\/wp-json\/wp\/v2\/pages"}],"about":[{"href":"https:\/\/vpg-design.com\/fr\/wp-json\/wp\/v2\/types\/page"}],"author":[{"embeddable":true,"href":"https:\/\/vpg-design.com\/fr\/wp-json\/wp\/v2\/users\/1"}],"replies":[{"embeddable":true,"href":"https:\/\/vpg-design.com\/fr\/wp-json\/wp\/v2\/comments?post=71729"}],"version-history":[{"count":4,"href":"https:\/\/vpg-design.com\/fr\/wp-json\/wp\/v2\/pages\/71729\/revisions"}],"predecessor-version":[{"id":71733,"href":"https:\/\/vpg-design.com\/fr\/wp-json\/wp\/v2\/pages\/71729\/revisions\/71733"}],"wp:attachment":[{"href":"https:\/\/vpg-design.com\/fr\/wp-json\/wp\/v2\/media?parent=71729"}],"curies":[{"name":"wp","href":"https:\/\/api.w.org\/{rel}","templated":true}]}}