{"id":71711,"date":"2025-07-24T14:16:47","date_gmt":"2025-07-24T14:16:47","guid":{"rendered":"https:\/\/dev.mexxus.com\/vpgdesign\/a-propos\/"},"modified":"2025-10-31T17:10:27","modified_gmt":"2025-10-31T17:10:27","slug":"a-propos","status":"publish","type":"page","link":"https:\/\/vpg-design.com\/fr\/a-propos\/","title":{"rendered":"\u00c0 Propos"},"content":{"rendered":"<p>[et_pb_section fb_built=\u00a0\u00bb1&Prime; _builder_version=\u00a0\u00bb4.27.4&Prime; _module_preset=\u00a0\u00bbdefault\u00a0\u00bb background_color=\u00a0\u00bb#686868&Prime; background_image=\u00a0\u00bbhttps:\/\/vpg-design.com\/wp-content\/uploads\/2025\/10\/001vpg.jpg\u00a0\u00bb background_blend=\u00a0\u00bboverlay\u00a0\u00bb custom_padding=\u00a0\u00bb200px||200px||true|false\u00a0\u00bb global_colors_info=\u00a0\u00bb{}\u00a0\u00bb][et_pb_row _builder_version=\u00a0\u00bb4.27.4&Prime; _module_preset=\u00a0\u00bbdefault\u00a0\u00bb global_colors_info=\u00a0\u00bb{}\u00a0\u00bb][et_pb_column type=\u00a0\u00bb4_4&Prime; _builder_version=\u00a0\u00bb4.27.4&Prime; _module_preset=\u00a0\u00bbdefault\u00a0\u00bb global_colors_info=\u00a0\u00bb{}\u00a0\u00bb][et_pb_text _builder_version=\u00a0\u00bb4.27.4&Prime; _module_preset=\u00a0\u00bbdefault\u00a0\u00bb header_text_align=\u00a0\u00bbcenter\u00a0\u00bb header_text_color=\u00a0\u00bb#FFFFFF\u00a0\u00bb header_font_size=\u00a0\u00bb60px\u00a0\u00bb header_text_shadow_style=\u00a0\u00bbpreset3&Prime; header_text_shadow_color=\u00a0\u00bb#000000&Prime; global_colors_info=\u00a0\u00bb{}\u00a0\u00bb]<\/p>\n<h1>\u00c0 Propos<\/h1>\n<p>[\/et_pb_text][et_pb_text _builder_version=\u00a0\u00bb4.27.4&Prime; _module_preset=\u00a0\u00bbdefault\u00a0\u00bb text_font=\u00a0\u00bb|300|||||||\u00a0\u00bb text_text_color=\u00a0\u00bb#FFFFFF\u00a0\u00bb text_font_size=\u00a0\u00bb24px\u00a0\u00bb header_2_font=\u00a0\u00bb|300|||||||\u00a0\u00bb header_2_text_color=\u00a0\u00bb#FFFFFF\u00a0\u00bb header_2_font_size=\u00a0\u00bb30px\u00a0\u00bb text_orientation=\u00a0\u00bbcenter\u00a0\u00bb text_text_shadow_style=\u00a0\u00bbpreset3&Prime; text_text_shadow_color=\u00a0\u00bb#000000&Prime; global_colors_info=\u00a0\u00bb{}\u00a0\u00bb]<\/p>\n<h2>Votre Vision, Notre Expertise<\/h2>\n<p>Partagez votre projet avec nous \u2014 nous nous occupons du reste<\/p>\n<p>[\/et_pb_text][\/et_pb_column][\/et_pb_row][\/et_pb_section][et_pb_section fb_built=\u00a0\u00bb1&Prime; _builder_version=\u00a0\u00bb4.27.4&Prime; _module_preset=\u00a0\u00bbdefault\u00a0\u00bb global_colors_info=\u00a0\u00bb{}\u00a0\u00bb][et_pb_row _builder_version=\u00a0\u00bb4.27.4&Prime; _module_preset=\u00a0\u00bbdefault\u00a0\u00bb global_colors_info=\u00a0\u00bb{}\u00a0\u00bb][et_pb_column type=\u00a0\u00bb4_4&Prime; _builder_version=\u00a0\u00bb4.27.4&Prime; _module_preset=\u00a0\u00bbdefault\u00a0\u00bb global_colors_info=\u00a0\u00bb{}\u00a0\u00bb][et_pb_text _builder_version=\u00a0\u00bb4.27.4&Prime; text_font=\u00a0\u00bbFira Sans Condensed|300|||||||\u00a0\u00bb text_text_color=\u00a0\u00bb#000000&Prime; text_font_size=\u00a0\u00bb23px\u00a0\u00bb text_line_height=\u00a0\u00bb1.2em\u00a0\u00bb custom_padding=\u00a0\u00bb0px||\u00a0\u00bb global_colors_info=\u00a0\u00bb{}\u00a0\u00bb]<\/p>\n<p>VPG Design est un studio de design d\u2019int\u00e9rieur bas\u00e9 \u00e0 Montr\u00e9al, reconnu pour son esth\u00e9tique raffin\u00e9e, son attention minutieuse aux d\u00e9tails et la fluidit\u00e9 de sa gestion de projet.<br \/>Nous sommes sp\u00e9cialis\u00e9s dans la cr\u00e9ation d\u2019int\u00e9rieurs alliant \u00e9l\u00e9gance intemporelle et confort au quotidien. <\/p>\n<p>Notre approche holistique combine cr\u00e9ativit\u00e9, pr\u00e9cision et expertise technique, assurant que chaque projet soit ex\u00e9cut\u00e9 selon les plus hauts standards de qualit\u00e9.<br \/>Des r\u00e9novations r\u00e9sidentielles sur mesure aux grands d\u00e9veloppements immobiliers, nous concevons des environnements aussi fonctionnels que magnifiques, adapt\u00e9s \u00e0 l\u2019individualit\u00e9 de chaque client. <\/p>\n<p>Chez VPG Design, nous collaborons \u00e9troitement avec nos clients pour cr\u00e9er des int\u00e9rieurs personnalis\u00e9s, fonctionnels et esth\u00e9tiquement remarquables.<br \/>Chaque espace est con\u00e7u pour \u00eatre intentionnel, confortable et unique \u2014 en combinant forme, fonctionnalit\u00e9 et \u00e9l\u00e9gance intemporelle. <\/p>\n<p>[\/et_pb_text][\/et_pb_column][\/et_pb_row][et_pb_row column_structure=\u00a0\u00bb1_2,1_2&Prime; _builder_version=\u00a0\u00bb4.27.4&Prime; _module_preset=\u00a0\u00bbdefault\u00a0\u00bb global_colors_info=\u00a0\u00bb{}\u00a0\u00bb][et_pb_column type=\u00a0\u00bb1_2&Prime; _builder_version=\u00a0\u00bb4.27.4&Prime; _module_preset=\u00a0\u00bbdefault\u00a0\u00bb global_colors_info=\u00a0\u00bb{}\u00a0\u00bb][et_pb_image src=\u00a0\u00bbhttps:\/\/vpg-design.com\/wp-content\/uploads\/2025\/07\/about.jpg\u00a0\u00bb title_text=\u00a0\u00bbapropos\u00a0\u00bb _builder_version=\u00a0\u00bb4.27.4&Prime; max_width=\u00a0\u00bb530px\u00a0\u00bb height=\u00a0\u00bb534px\u00a0\u00bb custom_margin=\u00a0\u00bb|||21px\u00a0\u00bb box_shadow_style=\u00a0\u00bbpreset1&Prime; box_shadow_horizontal=\u00a0\u00bb-60px\u00a0\u00bb box_shadow_vertical=\u00a0\u00bb-60px\u00a0\u00bb box_shadow_blur=\u00a0\u00bb0px\u00a0\u00bb box_shadow_spread=\u00a0\u00bb-40px\u00a0\u00bb box_shadow_color=\u00a0\u00bb#C3C3C3&Prime; global_colors_info=\u00a0\u00bb{}\u00a0\u00bb][\/et_pb_image][\/et_pb_column][et_pb_column type=\u00a0\u00bb1_2&Prime; _builder_version=\u00a0\u00bb4.27.4&Prime; _module_preset=\u00a0\u00bbdefault\u00a0\u00bb global_colors_info=\u00a0\u00bb{}\u00a0\u00bb][et_pb_text _builder_version=\u00a0\u00bb4.27.4&Prime; _module_preset=\u00a0\u00bbdefault\u00a0\u00bb text_font=\u00a0\u00bbFira Sans Condensed|300|||||||\u00a0\u00bb text_text_color=\u00a0\u00bb#000000&Prime; text_font_size=\u00a0\u00bb24px\u00a0\u00bb global_colors_info=\u00a0\u00bb{}\u00a0\u00bb]<\/p>\n<div>\n<p><strong>Yiota Pigounakis<\/strong><br \/><em>Fondatrice | Designer d\u2019int\u00e9rieur certifi\u00e9e<\/em><\/p>\n<\/div>\n<p>[\/et_pb_text][et_pb_text _builder_version=\u00a0\u00bb4.27.4&Prime; text_font=\u00a0\u00bbFira Sans Condensed|300|||||||\u00a0\u00bb text_text_color=\u00a0\u00bb#000000&Prime; text_font_size=\u00a0\u00bb24px\u00a0\u00bb text_line_height=\u00a0\u00bb1.2em\u00a0\u00bb custom_padding=\u00a0\u00bb0px||\u00a0\u00bb global_colors_info=\u00a0\u00bb{}\u00a0\u00bb]<\/p>\n<p>Avec plus de dix ans d\u2019exp\u00e9rience, Yiota Pigounakis est devenue une r\u00e9f\u00e9rence en mati\u00e8re de design d\u2019int\u00e9rieur de luxe.<br \/>Ayant d\u00e9but\u00e9 sa carri\u00e8re par une expertise pratique en menuiserie, c\u00e9ramique, pierre et mobilier, elle a d\u00e9velopp\u00e9 une compr\u00e9hension approfondie des mat\u00e9riaux et de l\u2019artisanat. <\/p>\n<p>Son travail aupr\u00e8s de promoteurs montr\u00e9alais, tant sur des projets \u00e0 petite \u00e9chelle que sur des tours d\u2019habitation, lui a permis d\u2019offrir des int\u00e9rieurs raffin\u00e9s d\u2019une pr\u00e9cision in\u00e9gal\u00e9e.<\/p>\n<p>Certifi\u00e9e par l\u2019Universit\u00e9 McGill en gestion des affaires, par LB Pearson en design d\u2019int\u00e9rieur, et titulaire des accr\u00e9ditations PMP, WELL AP et NCIDQ, Yiota apporte \u00e0 chaque projet une vision cr\u00e9ative alli\u00e9e \u00e0 une ma\u00eetrise technique exceptionnelle.<\/p>\n<p>[\/et_pb_text][\/et_pb_column][\/et_pb_row][\/et_pb_section][et_pb_section fb_built=\u00a0\u00bb1&Prime; _builder_version=\u00a0\u00bb4.27.4&Prime; _module_preset=\u00a0\u00bbdefault\u00a0\u00bb background_color=\u00a0\u00bb#cdb998&Prime; global_colors_info=\u00a0\u00bb{}\u00a0\u00bb][et_pb_row _builder_version=\u00a0\u00bb4.27.4&Prime; _module_preset=\u00a0\u00bbdefault\u00a0\u00bb global_colors_info=\u00a0\u00bb{}\u00a0\u00bb][et_pb_column type=\u00a0\u00bb4_4&Prime; _builder_version=\u00a0\u00bb4.27.4&Prime; _module_preset=\u00a0\u00bbdefault\u00a0\u00bb global_colors_info=\u00a0\u00bb{}\u00a0\u00bb][et_pb_text _builder_version=\u00a0\u00bb4.27.4&Prime; _module_preset=\u00a0\u00bbdefault\u00a0\u00bb header_2_font=\u00a0\u00bb|300|||||||\u00a0\u00bb header_2_text_color=\u00a0\u00bb#000000&Prime; header_2_font_size=\u00a0\u00bb28px\u00a0\u00bb header_2_line_height=\u00a0\u00bb1.2em\u00a0\u00bb global_colors_info=\u00a0\u00bb{}\u00a0\u00bb]<\/p>\n<h2 style=\"text-align: center;\"><em>\u00ab Le design ne consiste pas simplement \u00e0 cr\u00e9er des espaces \u2014 c\u2019est une mani\u00e8re de fa\u00e7onner notre fa\u00e7on de vivre, de ressentir et d\u2019exp\u00e9rimenter le quotidien. \u00bb<\/em><\/h2>\n<p>[\/et_pb_text][\/et_pb_column][\/et_pb_row][\/et_pb_section]<\/p>\n","protected":false},"excerpt":{"rendered":"<p>\u00c0 ProposVotre Vision, Notre Expertise Partagez votre projet avec nous \u2014 nous nous occupons du resteVPG Design est un studio de design d\u2019int\u00e9rieur bas\u00e9 \u00e0 Montr\u00e9al, reconnu pour son esth\u00e9tique raffin\u00e9e, son attention minutieuse aux d\u00e9tails et la fluidit\u00e9 de sa gestion de projet.Nous sommes sp\u00e9cialis\u00e9s dans la cr\u00e9ation d\u2019int\u00e9rieurs alliant \u00e9l\u00e9gance intemporelle et confort [&hellip;]<\/p>\n","protected":false},"author":1,"featured_media":0,"parent":0,"menu_order":0,"comment_status":"closed","ping_status":"closed","template":"","meta":{"_et_pb_use_builder":"on","_et_pb_old_content":"","_et_gb_content_width":"","footnotes":""},"class_list":["post-71711","page","type-page","status-publish","hentry"],"_links":{"self":[{"href":"https:\/\/vpg-design.com\/fr\/wp-json\/wp\/v2\/pages\/71711","targetHints":{"allow":["GET"]}}],"collection":[{"href":"https:\/\/vpg-design.com\/fr\/wp-json\/wp\/v2\/pages"}],"about":[{"href":"https:\/\/vpg-design.com\/fr\/wp-json\/wp\/v2\/types\/page"}],"author":[{"embeddable":true,"href":"https:\/\/vpg-design.com\/fr\/wp-json\/wp\/v2\/users\/1"}],"replies":[{"embeddable":true,"href":"https:\/\/vpg-design.com\/fr\/wp-json\/wp\/v2\/comments?post=71711"}],"version-history":[{"count":2,"href":"https:\/\/vpg-design.com\/fr\/wp-json\/wp\/v2\/pages\/71711\/revisions"}],"predecessor-version":[{"id":71713,"href":"https:\/\/vpg-design.com\/fr\/wp-json\/wp\/v2\/pages\/71711\/revisions\/71713"}],"wp:attachment":[{"href":"https:\/\/vpg-design.com\/fr\/wp-json\/wp\/v2\/media?parent=71711"}],"curies":[{"name":"wp","href":"https:\/\/api.w.org\/{rel}","templated":true}]}}